{"id":2,"date":"2026-01-06T14:36:07","date_gmt":"2026-01-06T13:36:07","guid":{"rendered":"http:\/\/www.gitarrenunterricht-wuppertal.de\/wordpress\/?page_id=2"},"modified":"2026-04-26T07:49:04","modified_gmt":"2026-04-26T05:49:04","slug":"beispiel-seite","status":"publish","type":"page","link":"https:\/\/www.gitarrenunterricht-wuppertal.de\/","title":{"rendered":"qualifizierter Gitarrenunterricht in Wuppertal-Barmen"},"content":{"rendered":"\n<figure class=\"wp-block-image size-large is-resized\"><img loading=\"lazy\" decoding=\"async\" width=\"680\" height=\"1024\" src=\"http:\/\/www.gitarrenunterricht-wuppertal.de\/wordpress\/wp-content\/uploads\/2026\/04\/grafik-680x1024.png\" alt=\"\" class=\"wp-image-13\" style=\"aspect-ratio:0.6640584866737184;width:434px;height:auto\" srcset=\"https:\/\/www.gitarrenunterricht-wuppertal.de\/wp-content\/uploads\/2026\/04\/grafik-680x1024.png 680w, https:\/\/www.gitarrenunterricht-wuppertal.de\/wp-content\/uploads\/2026\/04\/grafik-199x300.png 199w, https:\/\/www.gitarrenunterricht-wuppertal.de\/wp-content\/uploads\/2026\/04\/grafik-768x1156.png 768w, https:\/\/www.gitarrenunterricht-wuppertal.de\/wp-content\/uploads\/2026\/04\/grafik-1020x1536.png 1020w, https:\/\/www.gitarrenunterricht-wuppertal.de\/wp-content\/uploads\/2026\/04\/grafik-1361x2048.png 1361w, https:\/\/www.gitarrenunterricht-wuppertal.de\/wp-content\/uploads\/2026\/04\/grafik-scaled.png 1701w\" sizes=\"auto, (max-width: 680px) 100vw, 680px\" \/><\/figure>\n\n\n\n<p>Mit der Gitarre auf Entdeckungsreise gehen&#8230;<\/p>\n\n\n\n<p>Ich bin Carsten und unterrichte mit Erfahrung und Geduld in gem\u00fctlichem Ambiente klassische Gitarre und Akustikgitarre. Die Freude am Musizieren steht dabei im Vordergrund. Jeder Mensch ist anders. Von daher achte ich sehr darauf, den Unterricht so individuell wie m\u00f6glich zu gestalten. Sch\u00fcler\/-Innen, Jung und Alt, mit und ohne Vorkenntnisse sind bei mir herzlich willkommen.<\/p>\n\n\n\n<p>Der Unterricht findet in Wuppertal-Barmen (Rott) statt. Ich erteile Einzel- oder Paarunterricht bei w\u00f6chentlichen Treffs (au\u00dfer Schulferien NRW)<\/p>\n\n\n\n<hr class=\"wp-block-separator has-alpha-channel-opacity\"\/>\n\n\n\n<p>Anf\u00e4nger und Fortgeschrittene<\/p>\n\n\n\n<p>alle Altersgruppen (Kinder ab 6 Jahre)<\/p>\n\n\n\n<p>in Wuppertal Barmen<\/p>\n\n\n\n<p>Einzel- oder Paarunterricht<\/p>\n\n\n\n<p>verst\u00e4ndliche Musiktheorie, Akkord- und Notenlehre<\/p>\n\n\n\n<p>von Klassik bis Pop (Vermittlung von Musik aus verschiedenen Epochen und Stilarten) Vermittlung einer soliden modernen Grundtechnik (Schwerpunkt: Konzertgitarre)<\/p>\n\n\n\n<p>gerne unterrichte ich bei Bedarf auch Akustikgitarre und Liedbegleitung<\/p>\n\n\n\n<hr class=\"wp-block-separator has-alpha-channel-opacity\"\/>\n\n\n\n<p>Gitarre spielen ist kreativ, Gitarre spielen h\u00e4lt geistig fit, Gitarre spielen macht Spa\u00df!<\/p>\n\n\n\n<p>Gerne biete ich eine Probeunterrichtseinheit gegen eine kleine Spende z.B. an Amnesty International, \u00c4rzte ohne Grenzen oder UNICEF<br><br><\/p>\n\n\n\n<p><br><\/p>\n\n\n\n<p>Gitarrenunterricht bei w\u00f6chentlichen Treffs oder nach Vereinbarung bei freier Zeiteinteilung (ideal z.B. f\u00fcr Schichtarbeiter).<\/p>\n\n\n\n<figure class=\"wp-block-table\"><table class=\"has-fixed-layout\"><tbody><tr><td>verschiedene Tarifangebote: <br><br>Einzelunterricht bei w\u00f6chentlichen Treffs (Schulferien NRW werden durchbezahlt) 30 Min. 80,-\u20ac<br>45 Min. 120,- \u20ac<br>60 Min. 160,- \u20ac<br><br>Partnerunterricht bei w\u00f6chentlichen Treffs<br>45 Min. 180,-\u20ac<br>60 Min. 240,-\u20ac<br>Monatlich<br><br>Unterricht mit freier Zeiteinteilung (Schulferien NRW nicht durchbezahlt)<br>25,-\u20ac \u00bd Std.<br>40.-\u20ac, \u00be Std.<br>50,- \u20ac 1 Std.<\/td><\/tr><\/tbody><\/table><\/figure>\n\n\n\n<p>Falls ich Ihr Interesse geweckt habe und bei weiteren Fragen zum Unterricht freue mich auf Ihren Anruf: 0202 \/ 6480368<\/p>\n\n\n\n<p><\/p>\n\n\n\n<p class=\"has-x-large-font-size\"><strong>Unterrichtszeiten \/ Ferienregelung \/ Unterrichtsausfall<\/strong><\/p>\n\n\n\n<p>Die Vertragspartner vereinbaren einen verbindlichen regelm\u00e4\u00dfigen Unterrichtstermin. \u00c4nderungen des jeweils aktuellen Stundenplans k\u00f6nnen nur im Einvernehmen beider Parteien vorgenommen werden.<\/p>\n\n\n\n<p>Der Unterricht findet zur vereinbarten Zeit an Werktagen in Pr\u00e4senz statt; er entf\u00e4llt an den gesetzlichen Feiertagen und in den Schulferien NRW.<\/p>\n\n\n\n<p>F\u00fcr den vereinbarten Termin gilt:<\/p>\n\n\n\n<p>Wird die Unterrichtsstunde vonseiten des Sch\u00fclers nicht wahrgenommen, besteht kein Anspruch auf Nachleistung. Bei \u00e4rztlich attestierter Krankheit des Sch\u00fclers \/ der Sch\u00fclerin und ab dem 4. Unterrichtsausfall in Folge ist eine Aussetzung zur Verpflichtung der Entgeltzahlung nach R\u00fccksprache m\u00f6glich.<\/p>\n\n\n\n<p>Wird der Unterricht aus Gr\u00fcnden abgesagt, die der Lehrer zu verantworten hat, wird die Unterrichtsstunde grunds\u00e4tzlich nachgeholt. L\u00e4sst sich in einem angemessenen Zeitraum kein Ausweichtermin finden, erfolgt eine anteilige R\u00fcckerstattung des Unterrichtshonorars sofern nicht andere Vereinbarungen getroffen werden.<\/p>\n\n\n\n<p class=\"has-x-large-font-size\"><strong>Anmeldung und K\u00fcndigung<\/strong><\/p>\n\n\n\n<p>Nach Vertragsabschluss betr\u00e4gt die Unterrichtsdauer mindestens drei Monate. Danach kann der Vertrag zu jedem Monatsende gek\u00fcndigt werden. Die K\u00fcndigungsfrist betr\u00e4gt einen Monat.<\/p>\n\n\n\n<p>In au\u00dferordentlichen F\u00e4llen kann das Unterrichtsverh\u00e4ltnis vorzeitig gek\u00fcndigt werden. Die Anerkennung eines solchen Grundes bedarf der gegenseitigen \u00dcbereinkunft. Au\u00dferordentliche F\u00e4lle sind z. B. der Wegzug aus dem Einzugsgebiet. Die K\u00fcndigungserkl\u00e4rung bedarf der Schriftform.<\/p>\n\n\n\n<p>Bei Neuvertr\u00e4gen gelten die ersten vier Stunden als Probezeit; d.h. In dieser Zeit besteht ein au\u00dferordentliches K\u00fcndigungsrecht.<\/p>\n\n\n\n<hr class=\"wp-block-separator has-alpha-channel-opacity\"\/>\n\n\n\n<p><\/p>\n\n\n\n<h1 class=\"wp-block-heading\">Impressum<\/h1>\n\n\n\n<h2 class=\"wp-block-heading\">Angaben gem\u00e4\u00df \u00a7 5 TMG:<\/h2>\n\n\n\n<p>Carsten Kaulbars<br>Eschenstr. 105<br>42283 Wuppertal<\/p>\n\n\n\n<h2 class=\"wp-block-heading\">Kontakt:<\/h2>\n\n\n\n<p>Telefon: +49-(0)202-6480368<br>E-Mail:&nbsp;&nbsp; c-ka(a)gitarrenunterricht-wuppertal.de<\/p>\n\n\n\n<h2 class=\"wp-block-heading\">Umsatzsteuer:<\/h2>\n\n\n\n<p>Gem\u00e4\u00df \u00a719 Umsatzsteuergesetz als Kleinunternehmen von der Umsatzsteuer befreit.<\/p>\n","protected":false},"excerpt":{"rendered":"<p>Mit der Gitarre auf Entdeckungsreise gehen&#8230; Ich bin Carsten und unterrichte mit Erfahrung und Geduld in gem\u00fctlichem Ambiente klassische Gitarre und Akustikgitarre. Die Freude am Musizieren steht dabei im Vordergrund. Jeder Mensch ist anders. Von daher achte ich sehr darauf, den Unterricht so individuell wie m\u00f6glich zu gestalten. Sch\u00fcler\/-Innen, Jung und Alt, mit und ohne [&hellip;]<\/p>\n","protected":false},"author":1,"featured_media":0,"parent":0,"menu_order":0,"comment_status":"closed","ping_status":"open","template":"","meta":{"footnotes":""},"class_list":["post-2","page","type-page","status-publish","hentry"],"_links":{"self":[{"href":"https:\/\/www.gitarrenunterricht-wuppertal.de\/index.php?rest_route=\/wp\/v2\/pages\/2","targetHints":{"allow":["GET"]}}],"collection":[{"href":"https:\/\/www.gitarrenunterricht-wuppertal.de\/index.php?rest_route=\/wp\/v2\/pages"}],"about":[{"href":"https:\/\/www.gitarrenunterricht-wuppertal.de\/index.php?rest_route=\/wp\/v2\/types\/page"}],"author":[{"embeddable":true,"href":"https:\/\/www.gitarrenunterricht-wuppertal.de\/index.php?rest_route=\/wp\/v2\/users\/1"}],"replies":[{"embeddable":true,"href":"https:\/\/www.gitarrenunterricht-wuppertal.de\/index.php?rest_route=%2Fwp%2Fv2%2Fcomments&post=2"}],"version-history":[{"count":9,"href":"https:\/\/www.gitarrenunterricht-wuppertal.de\/index.php?rest_route=\/wp\/v2\/pages\/2\/revisions"}],"predecessor-version":[{"id":22,"href":"https:\/\/www.gitarrenunterricht-wuppertal.de\/index.php?rest_route=\/wp\/v2\/pages\/2\/revisions\/22"}],"wp:attachment":[{"href":"https:\/\/www.gitarrenunterricht-wuppertal.de\/index.php?rest_route=%2Fwp%2Fv2%2Fmedia&parent=2"}],"curies":[{"name":"wp","href":"https:\/\/api.w.org\/{rel}","templated":true}]}}